{"id":10326,"date":"2025-07-15T14:12:24","date_gmt":"2025-07-15T14:12:24","guid":{"rendered":"https:\/\/testv81.demowebsitelinks.com\/Robert-RogersV2\/?page_id=10326"},"modified":"2025-07-18T06:15:32","modified_gmt":"2025-07-18T06:15:32","slug":"about-abebooks","status":"publish","type":"page","link":"https:\/\/testv95.demowebsitelinks.com\/Robert-RogersV2\/about-abebooks\/","title":{"rendered":"About AbeBooks"},"content":{"rendered":"\t\t<div data-elementor-type=\"wp-page\" data-elementor-id=\"10326\" class=\"elementor elementor-10326\" data-elementor-post-type=\"page\">\n\t\t\t\t\t\t<section class=\"wd-negative-gap elementor-section elementor-top-section elementor-element elementor-element-9bee1b7 elementor-section-content-middle wd-section-stretch elementor-section-boxed elementor-section-height-default elementor-section-height-default\" data-id=\"9bee1b7\" data-element_type=\"section\" data-settings=\"{&quot;background_background&quot;:&quot;classic&quot;}\">\n\t\t\t\t\t\t<div class=\"elementor-container elementor-column-gap-extended\">\n\t\t\t\t\t<div class=\"elementor-column elementor-col-100 elementor-top-column elementor-element elementor-element-8fc83fc\" data-id=\"8fc83fc\" data-element_type=\"column\">\n\t\t\t<div class=\"elementor-widget-wrap elementor-element-populated\">\n\t\t\t\t\t\t\t<\/div>\n\t\t<\/div>\n\t\t\t\t\t<\/div>\n\t\t<\/section>\n\t\t\t\t<section class=\"elementor-section elementor-top-section elementor-element elementor-element-ec8636a elementor-section-content-middle elementor-reverse-mobile wd-section-stretch elementor-section-boxed elementor-section-height-default elementor-section-height-default\" data-id=\"ec8636a\" data-element_type=\"section\" data-settings=\"{&quot;shape_divider_top&quot;:&quot;wd_sweet_wave&quot;,&quot;background_background&quot;:&quot;classic&quot;}\">\n\t\t\t\t\t\t\t<div class=\"elementor-background-overlay\"><\/div>\n\t\t\t\t\t\t<div class=\"elementor-shape elementor-shape-top\" data-negative=\"false\">\n\t\t\t<svg width=\"100%\" height=\"50px\" viewBox=\"0 0 1920 80\" xmlns=\"http:\/\/www.w3.org\/2000\/svg\" class=\"wd-divider\" preserveAspectRatio=\"none\">\n<path class=\"elementor-shape-fill\" d=\"M1920,60s-169.5,20-510,20S850.5,20,510,20,0,60,0,60V0H1920Z\" \/>\n<\/svg>\n\t\t<\/div>\n\t\t\t\t\t<div class=\"elementor-container elementor-column-gap-default\">\n\t\t\t\t\t<div class=\"elementor-column elementor-col-100 elementor-top-column elementor-element elementor-element-a2f32e6\" data-id=\"a2f32e6\" data-element_type=\"column\">\n\t\t\t<div class=\"elementor-widget-wrap elementor-element-populated\">\n\t\t\t\t\t\t<div class=\"elementor-element elementor-element-8813c79 wd-width-100 elementor-invisible elementor-widget elementor-widget-wd_title\" data-id=\"8813c79\" data-element_type=\"widget\" data-settings=\"{&quot;_animation&quot;:&quot;wd-anim-slide-from-right&quot;,&quot;_animation_delay&quot;:&quot;150&quot;}\" data-widget_type=\"wd_title.default\">\n\t\t\t\t<div class=\"elementor-widget-container\">\n\t\t\t\t\t<div class=\"title-wrapper set-mb-s reset-last-child wd-title-color-default wd-title-style-default wd-title-size-default text-center\">\n\n\t\t\t\n\t\t\t<div class=\"liner-continer\">\n\t\t\t\t<h4 class=\"woodmart-title-container title wd-fontsize-l wd-underline-colored\">About AbeBooks<\/h4> \n\t\t\t\t\t\t\t<\/div>\n\n\t\t\t\t\t\t\t<div class=\"title-after_title set-cont-mb-s reset-last-child wd-fontsize-xs\">\n\t\t\t\t\t<p><strong>Lorem Ipsum<\/strong> is simply dummy text of the printing and typesetting industry. Lorem Ipsum has been the industry's standard dummy text ever since the 1500s, when an unknown printer took a galley of type and scrambled it to make a type specimen book. It has survived not only five centuries, but also the leap into electronic typesetting, remaining essentially unchanged. It was popularised in the 1960s with the release of Letraset sheets containing Lorem Ipsum passages, and more recently with desktop publishing software like Aldus PageMaker including versions of Lorem Ipsum.<\/p>\t\t\t\t<\/div>\n\t\t\t\t\t<\/div>\n\t\t\t\t<\/div>\n\t\t\t\t<\/div>\n\t\t\t\t\t<\/div>\n\t\t<\/div>\n\t\t\t\t\t<\/div>\n\t\t<\/section>\n\t\t\t\t<section class=\"elementor-section elementor-top-section elementor-element elementor-element-d236041 wd-section-stretch elementor-section-boxed elementor-section-height-default elementor-section-height-default\" data-id=\"d236041\" data-element_type=\"section\">\n\t\t\t\t\t\t<div class=\"elementor-container elementor-column-gap-default\">\n\t\t\t\t\t<div class=\"elementor-column elementor-col-100 elementor-top-column elementor-element elementor-element-3c02ea2\" data-id=\"3c02ea2\" data-element_type=\"column\" data-settings=\"{&quot;background_background&quot;:&quot;classic&quot;}\">\n\t\t\t<div class=\"elementor-widget-wrap elementor-element-populated\">\n\t\t\t\t\t\t<section class=\"elementor-section elementor-inner-section elementor-element elementor-element-329af7b elementor-section-boxed elementor-section-height-default elementor-section-height-default\" data-id=\"329af7b\" data-element_type=\"section\">\n\t\t\t\t\t\t<div class=\"elementor-container elementor-column-gap-default\">\n\t\t\t\t\t<div class=\"elementor-column elementor-col-50 elementor-inner-column elementor-element elementor-element-e871a3c\" data-id=\"e871a3c\" data-element_type=\"column\">\n\t\t\t<div class=\"elementor-widget-wrap elementor-element-populated\">\n\t\t\t\t\t\t<div class=\"elementor-element elementor-element-d878d40 elementor-widget elementor-widget-image\" data-id=\"d878d40\" data-element_type=\"widget\" data-widget_type=\"image.default\">\n\t\t\t\t<div class=\"elementor-widget-container\">\n\t\t\t\t\t\t\t\t\t\t\t\t\t<img fetchpriority=\"high\" decoding=\"async\" width=\"577\" height=\"433\" src=\"https:\/\/testv95.demowebsitelinks.com\/Robert-RogersV2\/wp-content\/uploads\/2025\/07\/bb.png\" class=\"attachment-full size-full wp-image-10329\" alt=\"\" srcset=\"https:\/\/testv95.demowebsitelinks.com\/Robert-RogersV2\/wp-content\/uploads\/2025\/07\/bb.png 577w, https:\/\/testv95.demowebsitelinks.com\/Robert-RogersV2\/wp-content\/uploads\/2025\/07\/bb-400x300.png 400w, https:\/\/testv95.demowebsitelinks.com\/Robert-RogersV2\/wp-content\/uploads\/2025\/07\/bb-430x323.png 430w, https:\/\/testv95.demowebsitelinks.com\/Robert-RogersV2\/wp-content\/uploads\/2025\/07\/bb-150x113.png 150w\" sizes=\"(max-width: 577px) 100vw, 577px\" \/>\t\t\t\t\t\t\t\t\t\t\t\t\t<\/div>\n\t\t\t\t<\/div>\n\t\t\t\t\t<\/div>\n\t\t<\/div>\n\t\t\t\t<div class=\"elementor-column elementor-col-50 elementor-inner-column elementor-element elementor-element-d67c9fc\" data-id=\"d67c9fc\" data-element_type=\"column\">\n\t\t\t<div class=\"elementor-widget-wrap elementor-element-populated\">\n\t\t\t\t\t\t<div class=\"elementor-element elementor-element-c7133d9 wd-width-100 elementor-invisible elementor-widget elementor-widget-wd_title\" data-id=\"c7133d9\" data-element_type=\"widget\" data-settings=\"{&quot;_animation&quot;:&quot;wd-anim-slide-from-right&quot;,&quot;_animation_delay&quot;:&quot;150&quot;}\" data-widget_type=\"wd_title.default\">\n\t\t\t\t<div class=\"elementor-widget-container\">\n\t\t\t\t\t<div class=\"title-wrapper set-mb-s reset-last-child wd-title-color-default wd-title-style-default wd-title-size-default text-left\">\n\n\t\t\t\n\t\t\t<div class=\"liner-continer\">\n\t\t\t\t<h4 class=\"woodmart-title-container title wd-fontsize-l wd-underline-colored\">Make Loving Right Sleep Alone<\/h4> \n\t\t\t\t\t\t\t<\/div>\n\n\t\t\t\t\t<\/div>\n\t\t\t\t<\/div>\n\t\t\t\t<\/div>\n\t\t\t\t<div class=\"elementor-element elementor-element-13c5ba0 color-scheme-inherit text-left elementor-widget elementor-widget-text-editor\" data-id=\"13c5ba0\" data-element_type=\"widget\" data-widget_type=\"text-editor.default\">\n\t\t\t\t<div class=\"elementor-widget-container\">\n\t\t\t\t\t\t\tA stirring collection of twenty-five love story poems that explore the many facets of romantic connection, heartache, and self-reflection. This book is a must-read for poetry lovers drawn to intimate and heartfelt storytelling.\t\t\t\t\t\t<\/div>\n\t\t\t\t<\/div>\n\t\t\t\t\t<\/div>\n\t\t<\/div>\n\t\t\t\t\t<\/div>\n\t\t<\/section>\n\t\t\t\t\t<\/div>\n\t\t<\/div>\n\t\t\t\t\t<\/div>\n\t\t<\/section>\n\t\t\t\t<section class=\"elementor-section elementor-top-section elementor-element elementor-element-979416b wd-section-stretch elementor-section-boxed elementor-section-height-default elementor-section-height-default\" data-id=\"979416b\" data-element_type=\"section\" data-settings=\"{&quot;background_background&quot;:&quot;classic&quot;}\">\n\t\t\t\t\t\t<div class=\"elementor-container elementor-column-gap-default\">\n\t\t\t\t\t<div class=\"elementor-column elementor-col-100 elementor-top-column elementor-element elementor-element-4200cdf\" data-id=\"4200cdf\" data-element_type=\"column\" data-settings=\"{&quot;background_background&quot;:&quot;classic&quot;}\">\n\t\t\t<div class=\"elementor-widget-wrap elementor-element-populated\">\n\t\t\t\t\t\t<section class=\"elementor-section elementor-inner-section elementor-element elementor-element-309541c elementor-section-boxed elementor-section-height-default elementor-section-height-default\" data-id=\"309541c\" data-element_type=\"section\">\n\t\t\t\t\t\t<div class=\"elementor-container elementor-column-gap-default\">\n\t\t\t\t\t<div class=\"elementor-column elementor-col-50 elementor-inner-column elementor-element elementor-element-c714046\" data-id=\"c714046\" data-element_type=\"column\">\n\t\t\t<div class=\"elementor-widget-wrap elementor-element-populated\">\n\t\t\t\t\t\t<div class=\"elementor-element elementor-element-3b0b8cd wd-width-100 elementor-invisible elementor-widget elementor-widget-wd_title\" data-id=\"3b0b8cd\" data-element_type=\"widget\" data-settings=\"{&quot;_animation&quot;:&quot;wd-anim-slide-from-right&quot;,&quot;_animation_delay&quot;:&quot;150&quot;}\" data-widget_type=\"wd_title.default\">\n\t\t\t\t<div class=\"elementor-widget-container\">\n\t\t\t\t\t<div class=\"title-wrapper set-mb-s reset-last-child wd-title-color-default wd-title-style-default wd-title-size-default text-left\">\n\n\t\t\t\n\t\t\t<div class=\"liner-continer\">\n\t\t\t\t<h4 class=\"woodmart-title-container title wd-fontsize-l wd-underline-colored\">Sex and the Doctor<br \/>\n<\/h4> \n\t\t\t\t\t\t\t<\/div>\n\n\t\t\t\t\t<\/div>\n\t\t\t\t<\/div>\n\t\t\t\t<\/div>\n\t\t\t\t<div class=\"elementor-element elementor-element-3dc1d98 color-scheme-inherit text-left elementor-widget elementor-widget-text-editor\" data-id=\"3dc1d98\" data-element_type=\"widget\" data-widget_type=\"text-editor.default\">\n\t\t\t\t<div class=\"elementor-widget-container\">\n\t\t\t\t\t\t\t<div><div class=\"elementor-element elementor-element-3dc1d98 color-scheme-inherit text-left elementor-widget elementor-widget-text-editor\" data-id=\"3dc1d98\" data-element_type=\"widget\" data-widget_type=\"text-editor.default\"><div class=\"elementor-widget-container\"><p>An intriguing tale of curiosity and connection,\u00a0<em>Sex and the Doctor<\/em> follows a man who meets a female doctor by chance, sparking a deep and complicated relationship. Exploring the nuances of desire and intimacy, their story takes an unexpected turn when a large prize win brings unforeseen challenges. A compelling mix of romance, honesty, and drama.<\/p><\/div><\/div><\/div>\t\t\t\t\t\t<\/div>\n\t\t\t\t<\/div>\n\t\t\t\t\t<\/div>\n\t\t<\/div>\n\t\t\t\t<div class=\"elementor-column elementor-col-50 elementor-inner-column elementor-element elementor-element-631f6c2\" data-id=\"631f6c2\" data-element_type=\"column\">\n\t\t\t<div class=\"elementor-widget-wrap elementor-element-populated\">\n\t\t\t\t\t\t<div class=\"elementor-element elementor-element-93770d8 elementor-widget elementor-widget-image\" data-id=\"93770d8\" data-element_type=\"widget\" data-widget_type=\"image.default\">\n\t\t\t\t<div class=\"elementor-widget-container\">\n\t\t\t\t\t\t\t\t\t\t\t\t\t<img decoding=\"async\" width=\"577\" height=\"433\" src=\"https:\/\/testv95.demowebsitelinks.com\/Robert-RogersV2\/wp-content\/uploads\/2025\/07\/ebook.png\" class=\"attachment-full size-full wp-image-10331\" alt=\"\" srcset=\"https:\/\/testv95.demowebsitelinks.com\/Robert-RogersV2\/wp-content\/uploads\/2025\/07\/ebook.png 577w, https:\/\/testv95.demowebsitelinks.com\/Robert-RogersV2\/wp-content\/uploads\/2025\/07\/ebook-400x300.png 400w, https:\/\/testv95.demowebsitelinks.com\/Robert-RogersV2\/wp-content\/uploads\/2025\/07\/ebook-430x323.png 430w, https:\/\/testv95.demowebsitelinks.com\/Robert-RogersV2\/wp-content\/uploads\/2025\/07\/ebook-150x113.png 150w\" sizes=\"(max-width: 577px) 100vw, 577px\" \/>\t\t\t\t\t\t\t\t\t\t\t\t\t<\/div>\n\t\t\t\t<\/div>\n\t\t\t\t\t<\/div>\n\t\t<\/div>\n\t\t\t\t\t<\/div>\n\t\t<\/section>\n\t\t\t\t\t<\/div>\n\t\t<\/div>\n\t\t\t\t\t<\/div>\n\t\t<\/section>\n\t\t\t\t<section class=\"elementor-section elementor-top-section elementor-element elementor-element-f75bb03 wd-section-stretch elementor-section-boxed elementor-section-height-default elementor-section-height-default\" data-id=\"f75bb03\" data-element_type=\"section\">\n\t\t\t\t\t\t<div class=\"elementor-container elementor-column-gap-default\">\n\t\t\t\t\t<div class=\"elementor-column elementor-col-100 elementor-top-column elementor-element elementor-element-38694e8\" data-id=\"38694e8\" data-element_type=\"column\" data-settings=\"{&quot;background_background&quot;:&quot;classic&quot;}\">\n\t\t\t<div class=\"elementor-widget-wrap elementor-element-populated\">\n\t\t\t\t\t\t<section class=\"elementor-section elementor-inner-section elementor-element elementor-element-b9c79ce elementor-section-boxed elementor-section-height-default elementor-section-height-default\" data-id=\"b9c79ce\" data-element_type=\"section\">\n\t\t\t\t\t\t<div class=\"elementor-container elementor-column-gap-default\">\n\t\t\t\t\t<div class=\"elementor-column elementor-col-50 elementor-inner-column elementor-element elementor-element-f66af2e\" data-id=\"f66af2e\" data-element_type=\"column\">\n\t\t\t<div class=\"elementor-widget-wrap elementor-element-populated\">\n\t\t\t\t\t\t<div class=\"elementor-element elementor-element-6654c85 elementor-widget elementor-widget-image\" data-id=\"6654c85\" data-element_type=\"widget\" data-widget_type=\"image.default\">\n\t\t\t\t<div class=\"elementor-widget-container\">\n\t\t\t\t\t\t\t\t\t\t\t\t\t<img decoding=\"async\" width=\"577\" height=\"433\" src=\"https:\/\/testv95.demowebsitelinks.com\/Robert-RogersV2\/wp-content\/uploads\/2025\/07\/e-book-2.png\" class=\"attachment-full size-full wp-image-10332\" alt=\"\" srcset=\"https:\/\/testv95.demowebsitelinks.com\/Robert-RogersV2\/wp-content\/uploads\/2025\/07\/e-book-2.png 577w, https:\/\/testv95.demowebsitelinks.com\/Robert-RogersV2\/wp-content\/uploads\/2025\/07\/e-book-2-400x300.png 400w, https:\/\/testv95.demowebsitelinks.com\/Robert-RogersV2\/wp-content\/uploads\/2025\/07\/e-book-2-430x323.png 430w, https:\/\/testv95.demowebsitelinks.com\/Robert-RogersV2\/wp-content\/uploads\/2025\/07\/e-book-2-150x113.png 150w\" sizes=\"(max-width: 577px) 100vw, 577px\" \/>\t\t\t\t\t\t\t\t\t\t\t\t\t<\/div>\n\t\t\t\t<\/div>\n\t\t\t\t\t<\/div>\n\t\t<\/div>\n\t\t\t\t<div class=\"elementor-column elementor-col-50 elementor-inner-column elementor-element elementor-element-f0f224c\" data-id=\"f0f224c\" data-element_type=\"column\">\n\t\t\t<div class=\"elementor-widget-wrap elementor-element-populated\">\n\t\t\t\t\t\t<div class=\"elementor-element elementor-element-64560be wd-width-100 elementor-invisible elementor-widget elementor-widget-wd_title\" data-id=\"64560be\" data-element_type=\"widget\" data-settings=\"{&quot;_animation&quot;:&quot;wd-anim-slide-from-right&quot;,&quot;_animation_delay&quot;:&quot;150&quot;}\" data-widget_type=\"wd_title.default\">\n\t\t\t\t<div class=\"elementor-widget-container\">\n\t\t\t\t\t<div class=\"title-wrapper set-mb-s reset-last-child wd-title-color-default wd-title-style-default wd-title-size-default text-left\">\n\n\t\t\t\n\t\t\t<div class=\"liner-continer\">\n\t\t\t\t<h4 class=\"woodmart-title-container title wd-fontsize-l wd-underline-colored\">Dividido Entre la Guerra y la Mujer<br \/>\n<\/h4> \n\t\t\t\t\t\t\t<\/div>\n\n\t\t\t\t\t<\/div>\n\t\t\t\t<\/div>\n\t\t\t\t<\/div>\n\t\t\t\t<div class=\"elementor-element elementor-element-475845a color-scheme-inherit text-left elementor-widget elementor-widget-text-editor\" data-id=\"475845a\" data-element_type=\"widget\" data-widget_type=\"text-editor.default\">\n\t\t\t\t<div class=\"elementor-widget-container\">\n\t\t\t\t\t\t\t<div><div class=\"elementor-element elementor-element-475845a color-scheme-inherit text-left elementor-widget elementor-widget-text-editor\" data-id=\"475845a\" data-element_type=\"widget\" data-widget_type=\"text-editor.default\"><div class=\"elementor-widget-container\"><div><p>Un emotivo relato autobiogr\u00e1fico que sigue la vida del autor desde su infancia hasta su experiencia en la guerra de Vietnam. La historia incluye su relaci\u00f3n con Lan, int\u00e9rprete vietnamita, y ofrece una visi\u00f3n profunda sobre el amor, la guerra y la supervivencia.<\/p><\/div><\/div><\/div><\/div>\t\t\t\t\t\t<\/div>\n\t\t\t\t<\/div>\n\t\t\t\t\t<\/div>\n\t\t<\/div>\n\t\t\t\t\t<\/div>\n\t\t<\/section>\n\t\t\t\t\t<\/div>\n\t\t<\/div>\n\t\t\t\t\t<\/div>\n\t\t<\/section>\n\t\t\t\t<\/div>\n\t\t","protected":false},"excerpt":{"rendered":"<p>About AbeBooks Lorem Ipsum is simply dummy text of the printing and typesetting industry. Lorem Ipsum has been the industry&#8217;s<\/p>\n","protected":false},"author":1,"featured_media":0,"parent":0,"menu_order":0,"comment_status":"closed","ping_status":"closed","template":"","meta":{"footnotes":"","_links_to":"","_links_to_target":""},"class_list":["post-10326","page","type-page","status-publish","hentry"],"_links":{"self":[{"href":"https:\/\/testv95.demowebsitelinks.com\/Robert-RogersV2\/wp-json\/wp\/v2\/pages\/10326","targetHints":{"allow":["GET"]}}],"collection":[{"href":"https:\/\/testv95.demowebsitelinks.com\/Robert-RogersV2\/wp-json\/wp\/v2\/pages"}],"about":[{"href":"https:\/\/testv95.demowebsitelinks.com\/Robert-RogersV2\/wp-json\/wp\/v2\/types\/page"}],"author":[{"embeddable":true,"href":"https:\/\/testv95.demowebsitelinks.com\/Robert-RogersV2\/wp-json\/wp\/v2\/users\/1"}],"replies":[{"embeddable":true,"href":"https:\/\/testv95.demowebsitelinks.com\/Robert-RogersV2\/wp-json\/wp\/v2\/comments?post=10326"}],"version-history":[{"count":10,"href":"https:\/\/testv95.demowebsitelinks.com\/Robert-RogersV2\/wp-json\/wp\/v2\/pages\/10326\/revisions"}],"predecessor-version":[{"id":10494,"href":"https:\/\/testv95.demowebsitelinks.com\/Robert-RogersV2\/wp-json\/wp\/v2\/pages\/10326\/revisions\/10494"}],"wp:attachment":[{"href":"https:\/\/testv95.demowebsitelinks.com\/Robert-RogersV2\/wp-json\/wp\/v2\/media?parent=10326"}],"curies":[{"name":"wp","href":"https:\/\/api.w.org\/{rel}","templated":true}]}}